{"id":2376,"date":"2019-10-14T04:08:44","date_gmt":"2019-10-14T04:08:44","guid":{"rendered":"https:\/\/staging.webdex.at\/icic\/impressum\/"},"modified":"2020-05-29T05:30:20","modified_gmt":"2020-05-29T05:30:20","slug":"imprint","status":"publish","type":"page","link":"https:\/\/www.icic.cc\/en\/imprint\/","title":{"rendered":"Imprint"},"content":{"rendered":"<p><strong>Allgemeine Informationspflicht:<\/strong><br \/>\n<strong>Dienstanbieter, Herausgeber und Medieninhaber:<br \/>\n<\/strong><br \/>\nDipl.-Ing. Dra\u017een Cari\u0107<br \/>\n<strong>I.C.I.C<\/strong><br \/>\nDr. Richard Canavalgasse 33\/8<br \/>\nA-9020 Klagenfurt<br \/>\nAUSTRIA<\/p>\n<p><strong>Tel:<\/strong> +43 (0)664 5377900<br \/>\n<strong>Mail:<\/strong> innovation@icic.cc<br \/>\n<strong>Internet:<\/strong> www.icic.cc<\/p>\n<p><strong>Grafik:<\/strong> J\u00fcrgen Fugger &#8211; jufu grafik + multimediadesign &#8211; www.jufu.cc<\/p>\n<p><strong>Haftungshinweis:<\/strong> Trotz sorgf\u00e4ltiger inhaltlicher Kontrolle \u00fcbernehmen wir keine Haftung f\u00fcr die Inhalte externer Links. F\u00fcr den Inhalt der verlinkten Seien sind ausschlie\u00dflich deren Betreiber verantwortlich. Wir verlinken auf eine frende Seite im besten Wissen und Gewissen, da\u00df diese keine rechtswidriegen Inhalte zum Zeitpunkt der Verlinkung bietet. Wir entfernen den Link dorthin unverz\u00fcglich, wenn wir erfahen, da\u00df auf der verlinkten Seite rechtwidrige Inhalte oder T\u00e4tigkeiten angeboten, beschrieben, beworben oder \u00e4hnliches werden.<\/p>\n","protected":false},"excerpt":{"rendered":"<p>Allgemeine Informationspflicht: Dienstanbieter, Herausgeber und Medieninhaber: Dipl.-Ing. Dra\u017een Cari\u0107 I.C.I.C Dr. Richard Canavalgasse 33\/8 A-9020 Klagenfurt AUSTRIA Tel: +43 (0)664 5377900 Mail: innovation@icic.cc Internet: www.icic.cc [&hellip;]<\/p>\n","protected":false},"author":2,"featured_media":0,"parent":0,"menu_order":51,"comment_status":"closed","ping_status":"closed","template":"","meta":{"_acf_changed":false,"footnotes":""},"class_list":["post-2376","page","type-page","status-publish","hentry","page-imprint"],"acf":[],"yoast_head":"<!-- This site is optimized with the Yoast SEO plugin v27.5 - https:\/\/yoast.com\/product\/yoast-seo-wordpress\/ -->\n<title>Imprint - icic.cc Idea Creativity Innovation Competence<\/title>\n<meta name=\"robots\" content=\"index, follow, max-snippet:-1, max-image-preview:large, max-video-preview:-1\" \/>\n<link rel=\"canonical\" href=\"https:\/\/www.icic.cc\/en\/imprint\/\" \/>\n<meta property=\"og:locale\" content=\"en_US\" \/>\n<meta property=\"og:type\" content=\"article\" \/>\n<meta property=\"og:title\" content=\"Imprint - icic.cc Idea Creativity Innovation Competence\" \/>\n<meta property=\"og:description\" content=\"Allgemeine Informationspflicht: Dienstanbieter, Herausgeber und Medieninhaber: Dipl.-Ing. Dra\u017een Cari\u0107 I.C.I.C Dr. Richard Canavalgasse 33\/8 A-9020 Klagenfurt AUSTRIA Tel: +43 (0)664 5377900 Mail: innovation@icic.cc Internet: www.icic.cc [&hellip;]\" \/>\n<meta property=\"og:url\" content=\"https:\/\/www.icic.cc\/en\/imprint\/\" \/>\n<meta property=\"og:site_name\" content=\"icic.cc Idea Creativity Innovation Competence\" \/>\n<meta property=\"article:modified_time\" content=\"2020-05-29T05:30:20+00:00\" \/>\n<meta name=\"twitter:card\" content=\"summary_large_image\" \/>\n<meta name=\"twitter:label1\" content=\"Est. reading time\" \/>\n\t<meta name=\"twitter:data1\" content=\"1 minute\" \/>\n<script type=\"application\/ld+json\" class=\"yoast-schema-graph\">{\"@context\":\"https:\\\/\\\/schema.org\",\"@graph\":[{\"@type\":\"WebPage\",\"@id\":\"https:\\\/\\\/www.icic.cc\\\/en\\\/imprint\\\/\",\"url\":\"https:\\\/\\\/www.icic.cc\\\/en\\\/imprint\\\/\",\"name\":\"Imprint - icic.cc Idea Creativity Innovation Competence\",\"isPartOf\":{\"@id\":\"https:\\\/\\\/www.icic.cc\\\/#website\"},\"datePublished\":\"2019-10-14T04:08:44+00:00\",\"dateModified\":\"2020-05-29T05:30:20+00:00\",\"breadcrumb\":{\"@id\":\"https:\\\/\\\/www.icic.cc\\\/en\\\/imprint\\\/#breadcrumb\"},\"inLanguage\":\"en-US\",\"potentialAction\":[{\"@type\":\"ReadAction\",\"target\":[\"https:\\\/\\\/www.icic.cc\\\/en\\\/imprint\\\/\"]}]},{\"@type\":\"BreadcrumbList\",\"@id\":\"https:\\\/\\\/www.icic.cc\\\/en\\\/imprint\\\/#breadcrumb\",\"itemListElement\":[{\"@type\":\"ListItem\",\"position\":1,\"name\":\"Startseite\",\"item\":\"https:\\\/\\\/www.icic.cc\\\/en\\\/\"},{\"@type\":\"ListItem\",\"position\":2,\"name\":\"Imprint\"}]},{\"@type\":\"WebSite\",\"@id\":\"https:\\\/\\\/www.icic.cc\\\/#website\",\"url\":\"https:\\\/\\\/www.icic.cc\\\/\",\"name\":\"icic.cc Idea Creativity Innovation Competence\",\"description\":\"\",\"potentialAction\":[{\"@type\":\"SearchAction\",\"target\":{\"@type\":\"EntryPoint\",\"urlTemplate\":\"https:\\\/\\\/www.icic.cc\\\/?s={search_term_string}\"},\"query-input\":{\"@type\":\"PropertyValueSpecification\",\"valueRequired\":true,\"valueName\":\"search_term_string\"}}],\"inLanguage\":\"en-US\"}]}<\/script>\n<!-- \/ Yoast SEO plugin. -->","yoast_head_json":{"title":"Imprint - icic.cc Idea Creativity Innovation Competence","robots":{"index":"index","follow":"follow","max-snippet":"max-snippet:-1","max-image-preview":"max-image-preview:large","max-video-preview":"max-video-preview:-1"},"canonical":"https:\/\/www.icic.cc\/en\/imprint\/","og_locale":"en_US","og_type":"article","og_title":"Imprint - icic.cc Idea Creativity Innovation Competence","og_description":"Allgemeine Informationspflicht: Dienstanbieter, Herausgeber und Medieninhaber: Dipl.-Ing. Dra\u017een Cari\u0107 I.C.I.C Dr. Richard Canavalgasse 33\/8 A-9020 Klagenfurt AUSTRIA Tel: +43 (0)664 5377900 Mail: innovation@icic.cc Internet: www.icic.cc [&hellip;]","og_url":"https:\/\/www.icic.cc\/en\/imprint\/","og_site_name":"icic.cc Idea Creativity Innovation Competence","article_modified_time":"2020-05-29T05:30:20+00:00","twitter_card":"summary_large_image","twitter_misc":{"Est. reading time":"1 minute"},"schema":{"@context":"https:\/\/schema.org","@graph":[{"@type":"WebPage","@id":"https:\/\/www.icic.cc\/en\/imprint\/","url":"https:\/\/www.icic.cc\/en\/imprint\/","name":"Imprint - icic.cc Idea Creativity Innovation Competence","isPartOf":{"@id":"https:\/\/www.icic.cc\/#website"},"datePublished":"2019-10-14T04:08:44+00:00","dateModified":"2020-05-29T05:30:20+00:00","breadcrumb":{"@id":"https:\/\/www.icic.cc\/en\/imprint\/#breadcrumb"},"inLanguage":"en-US","potentialAction":[{"@type":"ReadAction","target":["https:\/\/www.icic.cc\/en\/imprint\/"]}]},{"@type":"BreadcrumbList","@id":"https:\/\/www.icic.cc\/en\/imprint\/#breadcrumb","itemListElement":[{"@type":"ListItem","position":1,"name":"Startseite","item":"https:\/\/www.icic.cc\/en\/"},{"@type":"ListItem","position":2,"name":"Imprint"}]},{"@type":"WebSite","@id":"https:\/\/www.icic.cc\/#website","url":"https:\/\/www.icic.cc\/","name":"icic.cc Idea Creativity Innovation Competence","description":"","potentialAction":[{"@type":"SearchAction","target":{"@type":"EntryPoint","urlTemplate":"https:\/\/www.icic.cc\/?s={search_term_string}"},"query-input":{"@type":"PropertyValueSpecification","valueRequired":true,"valueName":"search_term_string"}}],"inLanguage":"en-US"}]}},"_links":{"self":[{"href":"https:\/\/www.icic.cc\/en\/wp-json\/wp\/v2\/pages\/2376","targetHints":{"allow":["GET"]}}],"collection":[{"href":"https:\/\/www.icic.cc\/en\/wp-json\/wp\/v2\/pages"}],"about":[{"href":"https:\/\/www.icic.cc\/en\/wp-json\/wp\/v2\/types\/page"}],"author":[{"embeddable":true,"href":"https:\/\/www.icic.cc\/en\/wp-json\/wp\/v2\/users\/2"}],"replies":[{"embeddable":true,"href":"https:\/\/www.icic.cc\/en\/wp-json\/wp\/v2\/comments?post=2376"}],"version-history":[{"count":1,"href":"https:\/\/www.icic.cc\/en\/wp-json\/wp\/v2\/pages\/2376\/revisions"}],"predecessor-version":[{"id":2377,"href":"https:\/\/www.icic.cc\/en\/wp-json\/wp\/v2\/pages\/2376\/revisions\/2377"}],"wp:attachment":[{"href":"https:\/\/www.icic.cc\/en\/wp-json\/wp\/v2\/media?parent=2376"}],"curies":[{"name":"wp","href":"https:\/\/api.w.org\/{rel}","templated":true}]}}